{"id":3126,"date":"2026-05-05T22:38:25","date_gmt":"2026-05-05T19:38:25","guid":{"rendered":"https:\/\/elmadil.com\/blog\/?page_id=3126"},"modified":"2026-05-05T22:47:31","modified_gmt":"2026-05-05T19:47:31","slug":"insan-kaynaklari-kariyer","status":"publish","type":"page","link":"https:\/\/elmadil.com\/blog\/insan-kaynaklari-kariyer\/","title":{"rendered":"\u0130nsan Kaynaklar\u0131 \/ Kariyer"},"content":{"rendered":"\t\t<div data-elementor-type=\"wp-page\" data-elementor-id=\"3126\" class=\"elementor elementor-3126\">\n\t\t\t\t<div class=\"elementor-element elementor-element-a6675dc e-flex e-con-boxed e-con e-parent\" data-id=\"a6675dc\" data-element_type=\"container\" data-e-type=\"container\">\n\t\t\t\t\t<div class=\"e-con-inner\">\n\t\t\t\t<div class=\"elementor-element elementor-element-481176c elementor-widget elementor-widget-html\" data-id=\"481176c\" data-element_type=\"widget\" data-e-type=\"widget\" data-widget_type=\"html.default\">\n\t\t\t\t<div class=\"elementor-widget-container\">\n\t\t\t\t\t<section class=\"elmadil-ik\">\r\n<style>\r\n.elmadil-ik{font-family:Arial,Helvetica,sans-serif;color:#1f2933;background:#fff;width:100%;}.elmadil-ik-wrap{max-width:980px;margin:0 auto;padding:45px 20px}.elmadil-ik-hero{background:linear-gradient(135deg,#f4fbff 0%,#ffffff 100%);border:1px solid #dceefb;border-radius:24px;padding:42px 34px;margin-bottom:30px}.elmadil-ik-badge{display:inline-block;background:#eaf7ff;color:#0b76bd;border-radius:999px;padding:8px 14px;font-size:14px;font-weight:700;margin-bottom:14px}.elmadil-ik h1{font-size:34px;line-height:1.25;color:#102a43;margin:0 0 16px}.elmadil-ik p{font-size:16.5px;line-height:1.75;color:#526d82;margin:0 0 14px}.elmadil-ik-info{display:grid;grid-template-columns:repeat(3,1fr);gap:16px;margin:28px 0}.elmadil-ik-card{background:#fff;border:1px solid #e3eef7;border-radius:18px;padding:22px;box-shadow:0 8px 22px rgba(16,42,67,.05)}.elmadil-ik-card h3{font-size:18px;color:#102a43;margin:0 0 10px}.elmadil-ik-card p{font-size:15px;line-height:1.65;margin:0;color:#526d82}.elmadil-ik-form-area{background:#102a43;border-radius:22px;padding:32px;margin-top:30px;color:#fff}.elmadil-ik-form-area h2{font-size:26px;line-height:1.3;margin:0 0 12px;color:#fff}.elmadil-ik-form-area p{color:#e8f6ff;margin-bottom:18px}.elmadil-ik-shortcode{background:rgba(255,255,255,.12);border:1px dashed rgba(255,255,255,.35);border-radius:14px;padding:18px;color:#fff;font-size:15px}.elmadil-ik-note{font-size:13.5px!important;color:#7b8794!important;margin-top:18px!important}@media(max-width:768px){.elmadil-ik-wrap{padding:30px 15px}.elmadil-ik-hero{padding:30px 22px}.elmadil-ik h1{font-size:28px}.elmadil-ik-info{grid-template-columns:1fr}.elmadil-ik-form-area{padding:26px 20px}}\r\n<\/style>\r\n\r\n<div class=\"elmadil-ik-wrap\">\r\n\r\n    <div class=\"elmadil-ik-hero\">\r\n        <span class=\"elmadil-ik-badge\">Elmadil \u0130nsan Kaynaklar\u0131<\/span>\r\n        <h1>\u00d6\u011fretmen Adaylar\u0131 \u0130\u00e7in Ba\u015fvuru Sayfas\u0131<\/h1>\r\n        <p>Elmadil.com olarak \u0130ngilizce e\u011fitim i\u00e7erikleri, online ders s\u00fcre\u00e7leri ve \u00e7ocuklara y\u00f6nelik yabanc\u0131 dil \u00f6\u011frenme materyalleri geli\u015ftiren bir e\u011fitim platformuyuz.<\/p>\r\n        <p>Ekibimize kat\u0131lmak isteyen \u0130ngilizce \u00f6\u011fretmenleri, \u00f6\u011fretmen adaylar\u0131 ve e\u011fitim alan\u0131nda kendini geli\u015ftirmek isteyen ba\u015fvuru sahipleri bu sayfa \u00fczerinden ba\u015fvurular\u0131n\u0131 iletebilir.<\/p>\r\n        <p>Ba\u015fvurular; e\u011fitim deneyimi, \u0130ngilizce yeterlili\u011fi, \u00e7ocuklarla ileti\u015fim becerisi, dijital e\u011fitim ara\u00e7lar\u0131na yatk\u0131nl\u0131k ve ekip \u00e7al\u0131\u015fmas\u0131na uyum gibi kriterler do\u011frultusunda de\u011ferlendirilecektir.<\/p>\r\n    <\/div>\r\n\r\n    <div class=\"elmadil-ik-info\">\r\n        <div class=\"elmadil-ik-card\">\r\n            <h3>Kimler Ba\u015fvurabilir?<\/h3>\r\n            <p>\u0130ngilizce \u00f6\u011fretmenleri, \u0130ngilizce \u00f6\u011fretmenli\u011fi \u00f6\u011frencileri, pedagojik formasyona sahip adaylar ve e\u011fitim alan\u0131nda deneyim kazanmak isteyen ki\u015filer ba\u015fvurabilir.<\/p>\r\n        <\/div>\r\n\r\n        <div class=\"elmadil-ik-card\">\r\n            <h3>Ba\u015fvuruda Neler \u00d6nemli?<\/h3>\r\n            <p>\u0130ngilizce seviyesi, ileti\u015fim becerisi, \u00e7ocuklarla \u00e7al\u0131\u015fma iste\u011fi, d\u00fczenli takip ve online e\u011fitim s\u00fcre\u00e7lerine uyum ba\u015fvurularda dikkate al\u0131n\u0131r.<\/p>\r\n        <\/div>\r\n\r\n        <div class=\"elmadil-ik-card\">\r\n            <h3>S\u00fcre\u00e7 Nas\u0131l \u0130\u015fler?<\/h3>\r\n            <p>Ba\u015fvuru formu incelendikten sonra uygun g\u00f6r\u00fclen adaylarla ileti\u015fime ge\u00e7ilir ve g\u00f6r\u00fc\u015fme s\u00fcreci planlan\u0131r.<\/p>\r\n        <\/div>\r\n    <\/div>\r\n\r\n    <div class=\"elmadil-ik-form-area\">\r\n        <h2>\u00d6\u011fretmen Ba\u015fvuru Formu<\/h2>\r\n        <p>A\u015fa\u011f\u0131daki formu doldurarak Elmadil.com \u00f6\u011fretmen ba\u015fvuru s\u00fcrecine dahil olabilirsiniz. L\u00fctfen bilgilerinizi eksiksiz ve g\u00fcncel \u015fekilde iletiniz.<\/p>\r\n\r\n        <div class=\"elmadil-ik-shortcode\">\r\n\n<div class=\"wpcf7 no-js\" id=\"wpcf7-f3132-o1\" lang=\"tr-TR\" dir=\"ltr\" data-wpcf7-id=\"3132\">\n<div class=\"screen-reader-response\"><p role=\"status\" aria-live=\"polite\" aria-atomic=\"true\"><\/p> <ul><\/ul><\/div>\n<form action=\"\/blog\/wp-json\/wp\/v2\/pages\/3126#wpcf7-f3132-o1\" method=\"post\" class=\"wpcf7-form init\" aria-label=\"\u0130leti\u015fim Formu\" enctype=\"multipart\/form-data\" novalidate=\"novalidate\" data-status=\"init\">\n<fieldset class=\"hidden-fields-container\"><input type=\"hidden\" name=\"_wpcf7\" value=\"3132\" \/><input type=\"hidden\" name=\"_wpcf7_version\" value=\"6.1.5\" \/><input type=\"hidden\" name=\"_wpcf7_locale\" value=\"tr_TR\" \/><input type=\"hidden\" name=\"_wpcf7_unit_tag\" value=\"wpcf7-f3132-o1\" \/><input type=\"hidden\" name=\"_wpcf7_container_post\" value=\"0\" \/><input type=\"hidden\" name=\"_wpcf7_posted_data_hash\" value=\"\" \/>\n<\/fieldset>\n<div class=\"elmadil-form\">\n\t<div class=\"elmadil-form-row\">\n\t\t<p><label>Ad Soyad *<\/label><br \/>\n<span class=\"wpcf7-form-control-wrap\" data-name=\"ad-soyad\"><input size=\"40\" maxlength=\"400\" class=\"wpcf7-form-control wpcf7-text wpcf7-validates-as-required\" aria-required=\"true\" aria-invalid=\"false\" placeholder=\"Ad\u0131n\u0131z ve soyad\u0131n\u0131z\" value=\"\" type=\"text\" name=\"ad-soyad\" \/><\/span>\n\t\t<\/p>\n\t<\/div>\n\t<div class=\"elmadil-form-row\">\n\t\t<p><label>E-posta Adresi *<\/label><br \/>\n<span class=\"wpcf7-form-control-wrap\" data-name=\"email\"><input size=\"40\" maxlength=\"400\" class=\"wpcf7-form-control wpcf7-email wpcf7-validates-as-required wpcf7-text wpcf7-validates-as-email\" aria-required=\"true\" aria-invalid=\"false\" placeholder=\"ornek@eposta.com\" value=\"\" type=\"email\" name=\"email\" \/><\/span>\n\t\t<\/p>\n\t<\/div>\n\t<div class=\"elmadil-form-row\">\n\t\t<p><label>Telefon Numaras\u0131 *<\/label><br \/>\n<span class=\"wpcf7-form-control-wrap\" data-name=\"telefon\"><input size=\"40\" maxlength=\"400\" class=\"wpcf7-form-control wpcf7-tel wpcf7-validates-as-required wpcf7-text wpcf7-validates-as-tel\" aria-required=\"true\" aria-invalid=\"false\" placeholder=\"05xx xxx xx xx\" value=\"\" type=\"tel\" name=\"telefon\" \/><\/span>\n\t\t<\/p>\n\t<\/div>\n\t<div class=\"elmadil-form-row\">\n\t\t<p><label>\u015eehir<\/label><br \/>\n<span class=\"wpcf7-form-control-wrap\" data-name=\"sehir\"><input size=\"40\" maxlength=\"400\" class=\"wpcf7-form-control wpcf7-text\" aria-invalid=\"false\" placeholder=\"Bulundu\u011funuz \u015fehir\" value=\"\" type=\"text\" name=\"sehir\" \/><\/span>\n\t\t<\/p>\n\t<\/div>\n\t<div class=\"elmadil-form-row\">\n\t\t<p><label>Ba\u015fvuru Notu<\/label><br \/>\n<span class=\"wpcf7-form-control-wrap\" data-name=\"mesaj\"><textarea cols=\"40\" rows=\"10\" maxlength=\"2000\" class=\"wpcf7-form-control wpcf7-textarea\" aria-invalid=\"false\" placeholder=\"Kendinizi k\u0131saca tan\u0131tabilir, deneyiminizi veya uygun oldu\u011funuz \u00e7al\u0131\u015fma \u015feklini belirtebilirsiniz.\" name=\"mesaj\"><\/textarea><\/span>\n\t\t<\/p>\n\t<\/div>\n\t<div class=\"elmadil-form-row\">\n\t\t<p><label>CV \/ \u00d6zge\u00e7mi\u015f<\/label><br \/>\n<span class=\"wpcf7-form-control-wrap\" data-name=\"cv\"><input size=\"40\" class=\"wpcf7-form-control wpcf7-file\" accept=\".pdf,.doc,.docx\" aria-invalid=\"false\" type=\"file\" name=\"cv\" \/><\/span><br \/>\n<small>\u0130ste\u011fe ba\u011fl\u0131d\u0131r. PDF, DOC veya DOCX format\u0131nda en fazla 10 MB dosya y\u00fckleyebilirsiniz.<\/small>\n\t\t<\/p>\n\t<\/div>\n\t<div class=\"elmadil-form-row elmadil-kvkk\">\n\t\t<p><span class=\"wpcf7-form-control-wrap\" data-name=\"kvkk\"><span class=\"wpcf7-form-control wpcf7-acceptance\"><span class=\"wpcf7-list-item\"><label><input type=\"checkbox\" name=\"kvkk\" value=\"1\" aria-invalid=\"false\" \/><span class=\"wpcf7-list-item-label\">Ki\u015fisel verilerimin ba\u015fvuru s\u00fcrecinin de\u011ferlendirilmesi amac\u0131yla i\u015flenmesini kabul ediyorum.<\/span><\/label><\/span><\/span><\/span>\n\t\t<\/p>\n\t<\/div>\n\t<div class=\"elmadil-form-submit\">\n\t\t<p><input class=\"wpcf7-form-control wpcf7-submit has-spinner\" type=\"submit\" value=\"Ba\u015fvurumu G\u00f6nder\" \/>\n\t\t<\/p>\n\t<\/div>\n<\/div><div class=\"wpcf7-response-output\" aria-hidden=\"true\"><\/div>\n<\/form>\n<\/div>\n\r\n        <\/div>\r\n    <\/div>\r\n\r\n    <p class=\"elmadil-ik-note\">Ba\u015fvurular yaln\u0131zca de\u011ferlendirme amac\u0131yla kullan\u0131lacak olup, uygun g\u00f6r\u00fclen adaylarla ileti\u015fime ge\u00e7ilecektir.<\/p>\r\n\r\n<\/div>\r\n<\/section>\t\t\t\t<\/div>\n\t\t\t\t<\/div>\n\t\t\t\t\t<\/div>\n\t\t\t\t<\/div>\n\t\t\t\t<\/div>\n\t\t","protected":false},"excerpt":{"rendered":"<p>Elmadil \u0130nsan Kaynaklar\u0131 \u00d6\u011fretmen Adaylar\u0131 \u0130\u00e7in Ba\u015fvuru Sayfas\u0131 Elmadil.com olarak \u0130ngilizce e\u011fitim i\u00e7erikleri, online ders s\u00fcre\u00e7leri ve \u00e7ocuklara y\u00f6nelik yabanc\u0131 dil \u00f6\u011frenme materyalleri geli\u015ftiren bir e\u011fitim platformuyuz. Ekibimize kat\u0131lmak isteyen \u0130ngilizce \u00f6\u011fretmenleri, \u00f6\u011fretmen adaylar\u0131 ve e\u011fitim alan\u0131nda kendini geli\u015ftirmek isteyen ba\u015fvuru sahipleri bu sayfa \u00fczerinden ba\u015fvurular\u0131n\u0131 iletebilir. Ba\u015fvurular; e\u011fitim deneyimi, \u0130ngilizce yeterlili\u011fi, \u00e7ocuklarla ileti\u015fim becerisi, [&hellip;]<\/p>\n","protected":false},"author":1,"featured_media":0,"parent":0,"menu_order":0,"comment_status":"closed","ping_status":"closed","template":"elementor_header_footer","meta":{"footnotes":""},"class_list":["post-3126","page","type-page","status-publish","hentry"],"yoast_head":"<!-- This site is optimized with the Yoast SEO Premium plugin v24.2 (Yoast SEO v27.5) - https:\/\/yoast.com\/product\/yoast-seo-premium-wordpress\/ -->\n<title>\u0130nsan Kaynaklar\u0131 \/ Kariyer - \u00c7ocuklar \u0130\u00e7in Online \u0130ngilizce Kursu<\/title>\n<meta name=\"robots\" content=\"index, follow, max-snippet:-1, max-image-preview:large, max-video-preview:-1\" \/>\n<link rel=\"canonical\" href=\"https:\/\/elmadil.com\/blog\/insan-kaynaklari-kariyer\/\" \/>\n<meta property=\"og:locale\" content=\"tr_TR\" \/>\n<meta property=\"og:type\" content=\"article\" \/>\n<meta property=\"og:title\" content=\"\u0130nsan Kaynaklar\u0131 \/ Kariyer\" \/>\n<meta property=\"og:description\" content=\"Elmadil \u0130nsan Kaynaklar\u0131 \u00d6\u011fretmen Adaylar\u0131 \u0130\u00e7in Ba\u015fvuru Sayfas\u0131 Elmadil.com olarak \u0130ngilizce e\u011fitim i\u00e7erikleri, online ders s\u00fcre\u00e7leri ve \u00e7ocuklara y\u00f6nelik yabanc\u0131 dil \u00f6\u011frenme materyalleri geli\u015ftiren bir e\u011fitim platformuyuz. Ekibimize kat\u0131lmak isteyen \u0130ngilizce \u00f6\u011fretmenleri, \u00f6\u011fretmen adaylar\u0131 ve e\u011fitim alan\u0131nda kendini geli\u015ftirmek isteyen ba\u015fvuru sahipleri bu sayfa \u00fczerinden ba\u015fvurular\u0131n\u0131 iletebilir. Ba\u015fvurular; e\u011fitim deneyimi, \u0130ngilizce yeterlili\u011fi, \u00e7ocuklarla ileti\u015fim becerisi, [&hellip;]\" \/>\n<meta property=\"og:url\" content=\"https:\/\/elmadil.com\/blog\/insan-kaynaklari-kariyer\/\" \/>\n<meta property=\"og:site_name\" content=\"\u00c7ocuklar \u0130\u00e7in Online \u0130ngilizce Kursu\" \/>\n<meta property=\"article:modified_time\" content=\"2026-05-05T19:47:31+00:00\" \/>\n<meta name=\"twitter:card\" content=\"summary_large_image\" \/>\n<meta name=\"twitter:label1\" content=\"Tahmini okuma s\u00fcresi\" \/>\n\t<meta name=\"twitter:data1\" content=\"1 dakika\" \/>\n<script type=\"application\/ld+json\" class=\"yoast-schema-graph\">{\"@context\":\"https:\\\/\\\/schema.org\",\"@graph\":[{\"@type\":\"WebPage\",\"@id\":\"https:\\\/\\\/elmadil.com\\\/blog\\\/insan-kaynaklari-kariyer\\\/\",\"url\":\"https:\\\/\\\/elmadil.com\\\/blog\\\/insan-kaynaklari-kariyer\\\/\",\"name\":\"\u0130nsan Kaynaklar\u0131 \\\/ Kariyer - \u00c7ocuklar \u0130\u00e7in Online \u0130ngilizce Kursu\",\"isPartOf\":{\"@id\":\"https:\\\/\\\/elmadil.com\\\/blog\\\/#website\"},\"datePublished\":\"2026-05-05T19:38:25+00:00\",\"dateModified\":\"2026-05-05T19:47:31+00:00\",\"breadcrumb\":{\"@id\":\"https:\\\/\\\/elmadil.com\\\/blog\\\/insan-kaynaklari-kariyer\\\/#breadcrumb\"},\"inLanguage\":\"tr\",\"potentialAction\":[{\"@type\":\"ReadAction\",\"target\":[\"https:\\\/\\\/elmadil.com\\\/blog\\\/insan-kaynaklari-kariyer\\\/\"]}]},{\"@type\":\"BreadcrumbList\",\"@id\":\"https:\\\/\\\/elmadil.com\\\/blog\\\/insan-kaynaklari-kariyer\\\/#breadcrumb\",\"itemListElement\":[{\"@type\":\"ListItem\",\"position\":1,\"name\":\"Anasayfa\",\"item\":\"https:\\\/\\\/elmadil.com\\\/blog\\\/\"},{\"@type\":\"ListItem\",\"position\":2,\"name\":\"\u0130nsan Kaynaklar\u0131 \\\/ Kariyer\"}]},{\"@type\":\"WebSite\",\"@id\":\"https:\\\/\\\/elmadil.com\\\/blog\\\/#website\",\"url\":\"https:\\\/\\\/elmadil.com\\\/blog\\\/\",\"name\":\"\u00c7ocuklar \u0130\u00e7in Online \u0130ngilizce Kursu\",\"description\":\"\",\"publisher\":{\"@id\":\"https:\\\/\\\/elmadil.com\\\/blog\\\/#organization\"},\"potentialAction\":[{\"@type\":\"SearchAction\",\"target\":{\"@type\":\"EntryPoint\",\"urlTemplate\":\"https:\\\/\\\/elmadil.com\\\/blog\\\/?s={search_term_string}\"},\"query-input\":{\"@type\":\"PropertyValueSpecification\",\"valueRequired\":true,\"valueName\":\"search_term_string\"}}],\"inLanguage\":\"tr\"},{\"@type\":\"Organization\",\"@id\":\"https:\\\/\\\/elmadil.com\\\/blog\\\/#organization\",\"name\":\"\u00c7ocuklar \u0130\u00e7in Online \u0130ngilizce Kursu\",\"url\":\"https:\\\/\\\/elmadil.com\\\/blog\\\/\",\"logo\":{\"@type\":\"ImageObject\",\"inLanguage\":\"tr\",\"@id\":\"https:\\\/\\\/elmadil.com\\\/blog\\\/#\\\/schema\\\/logo\\\/image\\\/\",\"url\":\"https:\\\/\\\/elmadil.com\\\/blog\\\/wp-content\\\/uploads\\\/2025\\\/06\\\/cropped-logo.webp\",\"contentUrl\":\"https:\\\/\\\/elmadil.com\\\/blog\\\/wp-content\\\/uploads\\\/2025\\\/06\\\/cropped-logo.webp\",\"width\":240,\"height\":80,\"caption\":\"\u00c7ocuklar \u0130\u00e7in Online \u0130ngilizce Kursu\"},\"image\":{\"@id\":\"https:\\\/\\\/elmadil.com\\\/blog\\\/#\\\/schema\\\/logo\\\/image\\\/\"}}]}<\/script>\n<!-- \/ Yoast SEO Premium plugin. -->","yoast_head_json":{"title":"\u0130nsan Kaynaklar\u0131 \/ Kariyer - \u00c7ocuklar \u0130\u00e7in Online \u0130ngilizce Kursu","robots":{"index":"index","follow":"follow","max-snippet":"max-snippet:-1","max-image-preview":"max-image-preview:large","max-video-preview":"max-video-preview:-1"},"canonical":"https:\/\/elmadil.com\/blog\/insan-kaynaklari-kariyer\/","og_locale":"tr_TR","og_type":"article","og_title":"\u0130nsan Kaynaklar\u0131 \/ Kariyer","og_description":"Elmadil \u0130nsan Kaynaklar\u0131 \u00d6\u011fretmen Adaylar\u0131 \u0130\u00e7in Ba\u015fvuru Sayfas\u0131 Elmadil.com olarak \u0130ngilizce e\u011fitim i\u00e7erikleri, online ders s\u00fcre\u00e7leri ve \u00e7ocuklara y\u00f6nelik yabanc\u0131 dil \u00f6\u011frenme materyalleri geli\u015ftiren bir e\u011fitim platformuyuz. Ekibimize kat\u0131lmak isteyen \u0130ngilizce \u00f6\u011fretmenleri, \u00f6\u011fretmen adaylar\u0131 ve e\u011fitim alan\u0131nda kendini geli\u015ftirmek isteyen ba\u015fvuru sahipleri bu sayfa \u00fczerinden ba\u015fvurular\u0131n\u0131 iletebilir. Ba\u015fvurular; e\u011fitim deneyimi, \u0130ngilizce yeterlili\u011fi, \u00e7ocuklarla ileti\u015fim becerisi, [&hellip;]","og_url":"https:\/\/elmadil.com\/blog\/insan-kaynaklari-kariyer\/","og_site_name":"\u00c7ocuklar \u0130\u00e7in Online \u0130ngilizce Kursu","article_modified_time":"2026-05-05T19:47:31+00:00","twitter_card":"summary_large_image","twitter_misc":{"Tahmini okuma s\u00fcresi":"1 dakika"},"schema":{"@context":"https:\/\/schema.org","@graph":[{"@type":"WebPage","@id":"https:\/\/elmadil.com\/blog\/insan-kaynaklari-kariyer\/","url":"https:\/\/elmadil.com\/blog\/insan-kaynaklari-kariyer\/","name":"\u0130nsan Kaynaklar\u0131 \/ Kariyer - \u00c7ocuklar \u0130\u00e7in Online \u0130ngilizce Kursu","isPartOf":{"@id":"https:\/\/elmadil.com\/blog\/#website"},"datePublished":"2026-05-05T19:38:25+00:00","dateModified":"2026-05-05T19:47:31+00:00","breadcrumb":{"@id":"https:\/\/elmadil.com\/blog\/insan-kaynaklari-kariyer\/#breadcrumb"},"inLanguage":"tr","potentialAction":[{"@type":"ReadAction","target":["https:\/\/elmadil.com\/blog\/insan-kaynaklari-kariyer\/"]}]},{"@type":"BreadcrumbList","@id":"https:\/\/elmadil.com\/blog\/insan-kaynaklari-kariyer\/#breadcrumb","itemListElement":[{"@type":"ListItem","position":1,"name":"Anasayfa","item":"https:\/\/elmadil.com\/blog\/"},{"@type":"ListItem","position":2,"name":"\u0130nsan Kaynaklar\u0131 \/ Kariyer"}]},{"@type":"WebSite","@id":"https:\/\/elmadil.com\/blog\/#website","url":"https:\/\/elmadil.com\/blog\/","name":"\u00c7ocuklar \u0130\u00e7in Online \u0130ngilizce Kursu","description":"","publisher":{"@id":"https:\/\/elmadil.com\/blog\/#organization"},"potentialAction":[{"@type":"SearchAction","target":{"@type":"EntryPoint","urlTemplate":"https:\/\/elmadil.com\/blog\/?s={search_term_string}"},"query-input":{"@type":"PropertyValueSpecification","valueRequired":true,"valueName":"search_term_string"}}],"inLanguage":"tr"},{"@type":"Organization","@id":"https:\/\/elmadil.com\/blog\/#organization","name":"\u00c7ocuklar \u0130\u00e7in Online \u0130ngilizce Kursu","url":"https:\/\/elmadil.com\/blog\/","logo":{"@type":"ImageObject","inLanguage":"tr","@id":"https:\/\/elmadil.com\/blog\/#\/schema\/logo\/image\/","url":"https:\/\/elmadil.com\/blog\/wp-content\/uploads\/2025\/06\/cropped-logo.webp","contentUrl":"https:\/\/elmadil.com\/blog\/wp-content\/uploads\/2025\/06\/cropped-logo.webp","width":240,"height":80,"caption":"\u00c7ocuklar \u0130\u00e7in Online \u0130ngilizce Kursu"},"image":{"@id":"https:\/\/elmadil.com\/blog\/#\/schema\/logo\/image\/"}}]}},"jetpack_sharing_enabled":true,"rttpg_featured_image_url":null,"rttpg_author":{"display_name":"Elmadil Online \u0130ngilizce Kursu","author_link":"https:\/\/elmadil.com\/blog\/author\/admin\/"},"rttpg_comment":0,"rttpg_category":null,"rttpg_excerpt":"Elmadil \u0130nsan Kaynaklar\u0131 \u00d6\u011fretmen Adaylar\u0131 \u0130\u00e7in Ba\u015fvuru Sayfas\u0131 Elmadil.com olarak \u0130ngilizce e\u011fitim i\u00e7erikleri, online ders s\u00fcre\u00e7leri ve \u00e7ocuklara y\u00f6nelik yabanc\u0131 dil \u00f6\u011frenme materyalleri geli\u015ftiren bir e\u011fitim platformuyuz. Ekibimize kat\u0131lmak isteyen \u0130ngilizce \u00f6\u011fretmenleri, \u00f6\u011fretmen adaylar\u0131 ve e\u011fitim alan\u0131nda kendini geli\u015ftirmek isteyen ba\u015fvuru sahipleri bu sayfa \u00fczerinden ba\u015fvurular\u0131n\u0131 iletebilir. Ba\u015fvurular; e\u011fitim deneyimi, \u0130ngilizce yeterlili\u011fi, \u00e7ocuklarla ileti\u015fim becerisi,&hellip;","_links":{"self":[{"href":"https:\/\/elmadil.com\/blog\/wp-json\/wp\/v2\/pages\/3126","targetHints":{"allow":["GET"]}}],"collection":[{"href":"https:\/\/elmadil.com\/blog\/wp-json\/wp\/v2\/pages"}],"about":[{"href":"https:\/\/elmadil.com\/blog\/wp-json\/wp\/v2\/types\/page"}],"author":[{"embeddable":true,"href":"https:\/\/elmadil.com\/blog\/wp-json\/wp\/v2\/users\/1"}],"replies":[{"embeddable":true,"href":"https:\/\/elmadil.com\/blog\/wp-json\/wp\/v2\/comments?post=3126"}],"version-history":[{"count":7,"href":"https:\/\/elmadil.com\/blog\/wp-json\/wp\/v2\/pages\/3126\/revisions"}],"predecessor-version":[{"id":3135,"href":"https:\/\/elmadil.com\/blog\/wp-json\/wp\/v2\/pages\/3126\/revisions\/3135"}],"wp:attachment":[{"href":"https:\/\/elmadil.com\/blog\/wp-json\/wp\/v2\/media?parent=3126"}],"curies":[{"name":"wp","href":"https:\/\/api.w.org\/{rel}","templated":true}]}}