{"id":2549,"date":"2026-04-13T20:47:25","date_gmt":"2026-04-13T17:47:25","guid":{"rendered":"https:\/\/elmadil.com\/blog\/uye-ol\/"},"modified":"2026-04-13T20:47:25","modified_gmt":"2026-04-13T17:47:25","slug":"uye-ol","status":"publish","type":"page","link":"https:\/\/elmadil.com\/blog\/uye-ol\/","title":{"rendered":"Uye Ol"},"content":{"rendered":"        <div class=\"est-box\">\n            <h2>\u00dcye Ol<\/h2>\n            <form method=\"post\">\n                <input type=\"hidden\" id=\"est_register_nonce\" name=\"est_register_nonce\" value=\"d8111c0a00\" \/><input type=\"hidden\" name=\"_wp_http_referer\" value=\"\/blog\/wp-json\/wp\/v2\/pages\/2549\" \/>                <div class=\"est-form-row\"><input type=\"text\" name=\"display_name\" placeholder=\"Ad Soyad\"><\/div>\n                <div class=\"est-form-row\"><input type=\"email\" name=\"email\" placeholder=\"E-posta\" required><\/div>\n                <div class=\"est-form-row\"><input type=\"password\" name=\"password\" placeholder=\"\u015eifre\" required><\/div>\n                <button class=\"est-btn\" type=\"submit\">Kay\u0131t Ol<\/button>\n            <\/form>\n        <\/div>\n        \n","protected":false},"excerpt":{"rendered":"","protected":false},"author":1,"featured_media":0,"parent":0,"menu_order":0,"comment_status":"closed","ping_status":"closed","template":"","meta":{"footnotes":""},"class_list":["post-2549","page","type-page","status-publish","hentry"],"yoast_head":"<!-- This site is optimized with the Yoast SEO Premium plugin v24.2 (Yoast SEO v27.3) - https:\/\/yoast.com\/product\/yoast-seo-premium-wordpress\/ -->\n<title>Uye Ol - \u00c7ocuklar \u0130\u00e7in Online \u0130ngilizce Kursu<\/title>\n<meta name=\"robots\" content=\"index, follow, max-snippet:-1, max-image-preview:large, max-video-preview:-1\" \/>\n<link rel=\"canonical\" href=\"https:\/\/elmadil.com\/blog\/uye-ol\/\" \/>\n<meta property=\"og:locale\" content=\"tr_TR\" \/>\n<meta property=\"og:type\" content=\"article\" \/>\n<meta property=\"og:title\" content=\"Uye Ol\" \/>\n<meta property=\"og:url\" content=\"https:\/\/elmadil.com\/blog\/uye-ol\/\" \/>\n<meta property=\"og:site_name\" content=\"\u00c7ocuklar \u0130\u00e7in Online \u0130ngilizce Kursu\" \/>\n<meta name=\"twitter:card\" content=\"summary_large_image\" \/>\n<script type=\"application\/ld+json\" class=\"yoast-schema-graph\">{\"@context\":\"https:\\\/\\\/schema.org\",\"@graph\":[{\"@type\":\"WebPage\",\"@id\":\"https:\\\/\\\/elmadil.com\\\/blog\\\/uye-ol\\\/\",\"url\":\"https:\\\/\\\/elmadil.com\\\/blog\\\/uye-ol\\\/\",\"name\":\"Uye Ol - \u00c7ocuklar \u0130\u00e7in Online \u0130ngilizce Kursu\",\"isPartOf\":{\"@id\":\"https:\\\/\\\/elmadil.com\\\/blog\\\/#website\"},\"datePublished\":\"2026-04-13T17:47:25+00:00\",\"breadcrumb\":{\"@id\":\"https:\\\/\\\/elmadil.com\\\/blog\\\/uye-ol\\\/#breadcrumb\"},\"inLanguage\":\"tr\",\"potentialAction\":[{\"@type\":\"ReadAction\",\"target\":[\"https:\\\/\\\/elmadil.com\\\/blog\\\/uye-ol\\\/\"]}]},{\"@type\":\"BreadcrumbList\",\"@id\":\"https:\\\/\\\/elmadil.com\\\/blog\\\/uye-ol\\\/#breadcrumb\",\"itemListElement\":[{\"@type\":\"ListItem\",\"position\":1,\"name\":\"Anasayfa\",\"item\":\"https:\\\/\\\/elmadil.com\\\/blog\\\/\"},{\"@type\":\"ListItem\",\"position\":2,\"name\":\"Uye Ol\"}]},{\"@type\":\"WebSite\",\"@id\":\"https:\\\/\\\/elmadil.com\\\/blog\\\/#website\",\"url\":\"https:\\\/\\\/elmadil.com\\\/blog\\\/\",\"name\":\"\u00c7ocuklar \u0130\u00e7in Online \u0130ngilizce Kursu\",\"description\":\"\",\"publisher\":{\"@id\":\"https:\\\/\\\/elmadil.com\\\/blog\\\/#organization\"},\"potentialAction\":[{\"@type\":\"SearchAction\",\"target\":{\"@type\":\"EntryPoint\",\"urlTemplate\":\"https:\\\/\\\/elmadil.com\\\/blog\\\/?s={search_term_string}\"},\"query-input\":{\"@type\":\"PropertyValueSpecification\",\"valueRequired\":true,\"valueName\":\"search_term_string\"}}],\"inLanguage\":\"tr\"},{\"@type\":\"Organization\",\"@id\":\"https:\\\/\\\/elmadil.com\\\/blog\\\/#organization\",\"name\":\"\u00c7ocuklar \u0130\u00e7in Online \u0130ngilizce Kursu\",\"url\":\"https:\\\/\\\/elmadil.com\\\/blog\\\/\",\"logo\":{\"@type\":\"ImageObject\",\"inLanguage\":\"tr\",\"@id\":\"https:\\\/\\\/elmadil.com\\\/blog\\\/#\\\/schema\\\/logo\\\/image\\\/\",\"url\":\"https:\\\/\\\/elmadil.com\\\/blog\\\/wp-content\\\/uploads\\\/2025\\\/06\\\/cropped-logo.webp\",\"contentUrl\":\"https:\\\/\\\/elmadil.com\\\/blog\\\/wp-content\\\/uploads\\\/2025\\\/06\\\/cropped-logo.webp\",\"width\":240,\"height\":80,\"caption\":\"\u00c7ocuklar \u0130\u00e7in Online \u0130ngilizce Kursu\"},\"image\":{\"@id\":\"https:\\\/\\\/elmadil.com\\\/blog\\\/#\\\/schema\\\/logo\\\/image\\\/\"}}]}<\/script>\n<!-- \/ Yoast SEO Premium plugin. -->","yoast_head_json":{"title":"Uye Ol - \u00c7ocuklar \u0130\u00e7in Online \u0130ngilizce Kursu","robots":{"index":"index","follow":"follow","max-snippet":"max-snippet:-1","max-image-preview":"max-image-preview:large","max-video-preview":"max-video-preview:-1"},"canonical":"https:\/\/elmadil.com\/blog\/uye-ol\/","og_locale":"tr_TR","og_type":"article","og_title":"Uye Ol","og_url":"https:\/\/elmadil.com\/blog\/uye-ol\/","og_site_name":"\u00c7ocuklar \u0130\u00e7in Online \u0130ngilizce Kursu","twitter_card":"summary_large_image","schema":{"@context":"https:\/\/schema.org","@graph":[{"@type":"WebPage","@id":"https:\/\/elmadil.com\/blog\/uye-ol\/","url":"https:\/\/elmadil.com\/blog\/uye-ol\/","name":"Uye Ol - \u00c7ocuklar \u0130\u00e7in Online \u0130ngilizce Kursu","isPartOf":{"@id":"https:\/\/elmadil.com\/blog\/#website"},"datePublished":"2026-04-13T17:47:25+00:00","breadcrumb":{"@id":"https:\/\/elmadil.com\/blog\/uye-ol\/#breadcrumb"},"inLanguage":"tr","potentialAction":[{"@type":"ReadAction","target":["https:\/\/elmadil.com\/blog\/uye-ol\/"]}]},{"@type":"BreadcrumbList","@id":"https:\/\/elmadil.com\/blog\/uye-ol\/#breadcrumb","itemListElement":[{"@type":"ListItem","position":1,"name":"Anasayfa","item":"https:\/\/elmadil.com\/blog\/"},{"@type":"ListItem","position":2,"name":"Uye Ol"}]},{"@type":"WebSite","@id":"https:\/\/elmadil.com\/blog\/#website","url":"https:\/\/elmadil.com\/blog\/","name":"\u00c7ocuklar \u0130\u00e7in Online \u0130ngilizce Kursu","description":"","publisher":{"@id":"https:\/\/elmadil.com\/blog\/#organization"},"potentialAction":[{"@type":"SearchAction","target":{"@type":"EntryPoint","urlTemplate":"https:\/\/elmadil.com\/blog\/?s={search_term_string}"},"query-input":{"@type":"PropertyValueSpecification","valueRequired":true,"valueName":"search_term_string"}}],"inLanguage":"tr"},{"@type":"Organization","@id":"https:\/\/elmadil.com\/blog\/#organization","name":"\u00c7ocuklar \u0130\u00e7in Online \u0130ngilizce Kursu","url":"https:\/\/elmadil.com\/blog\/","logo":{"@type":"ImageObject","inLanguage":"tr","@id":"https:\/\/elmadil.com\/blog\/#\/schema\/logo\/image\/","url":"https:\/\/elmadil.com\/blog\/wp-content\/uploads\/2025\/06\/cropped-logo.webp","contentUrl":"https:\/\/elmadil.com\/blog\/wp-content\/uploads\/2025\/06\/cropped-logo.webp","width":240,"height":80,"caption":"\u00c7ocuklar \u0130\u00e7in Online \u0130ngilizce Kursu"},"image":{"@id":"https:\/\/elmadil.com\/blog\/#\/schema\/logo\/image\/"}}]}},"jetpack_sharing_enabled":true,"rttpg_featured_image_url":null,"rttpg_author":{"display_name":"Elmadil Online \u0130ngilizce Kursu","author_link":"https:\/\/elmadil.com\/blog\/author\/admin\/"},"rttpg_comment":0,"rttpg_category":null,"rttpg_excerpt":null,"_links":{"self":[{"href":"https:\/\/elmadil.com\/blog\/wp-json\/wp\/v2\/pages\/2549","targetHints":{"allow":["GET"]}}],"collection":[{"href":"https:\/\/elmadil.com\/blog\/wp-json\/wp\/v2\/pages"}],"about":[{"href":"https:\/\/elmadil.com\/blog\/wp-json\/wp\/v2\/types\/page"}],"author":[{"embeddable":true,"href":"https:\/\/elmadil.com\/blog\/wp-json\/wp\/v2\/users\/1"}],"replies":[{"embeddable":true,"href":"https:\/\/elmadil.com\/blog\/wp-json\/wp\/v2\/comments?post=2549"}],"version-history":[{"count":0,"href":"https:\/\/elmadil.com\/blog\/wp-json\/wp\/v2\/pages\/2549\/revisions"}],"wp:attachment":[{"href":"https:\/\/elmadil.com\/blog\/wp-json\/wp\/v2\/media?parent=2549"}],"curies":[{"name":"wp","href":"https:\/\/api.w.org\/{rel}","templated":true}]}}